{"id":77,"date":"2015-01-09T09:54:11","date_gmt":"2015-01-09T09:54:11","guid":{"rendered":"http:\/\/moschdschlozer.de\/?page_id=77"},"modified":"2015-01-09T09:54:11","modified_gmt":"2015-01-09T09:54:11","slug":"gastebuch","status":"publish","type":"page","link":"https:\/\/moschdschlozer.de\/?page_id=77","title":{"rendered":"G\u00e4stebuch"},"content":{"rendered":"<div class=\"gwolle-gb\"><div class=\"gwolle-gb-messages-top-container\"><\/div>\n\t\t\t<div class=\"gwolle-gb-write-button\">\n\t\t\t\t<input type=\"button\" name=\"gwolle-gb-write-button\" class=\"button btn btn-default \" value=\"Neuen Eintrag schreiben\" aria-expanded=\"false\" \/>\n\t\t\t<\/div>\n\t\t\t<form action=\"#\" method=\"POST\" class=\"gwolle-gb-write gwolle-gb-hide gwolle-gb-float gwolle-gb-form-ajax gwolle-gb-ajax gwolle-gb-not-logged-in\">\n\t\t\t\t<h3>Einen neuen Eintrag f\u00fcr das G\u00e4stebuch schreiben<\/h3>\n\t\t\t\t<button type=\"button\" class=\"gb-notice-dismiss\">x<span class=\"screen-reader-text\">Dieses Formular ausblenden<\/span><\/button>\n\t\t\t\n\t\t\t\t<input type=\"hidden\" name=\"gwolle_gb_function\" class=\"gwolle_gb_function\" value=\"add_entry\" \/><input type=\"hidden\" name=\"gwolle_gb_book_id\" class=\"gwolle_gb_book_id\" value=\"1\" \/><div class=\"gwolle_gb_d305598133145ef3b7c7a776efe719e1\">\n\t\t\t\t<div class=\"label\"><label for=\"gwolle_gb_d305598133145ef3b7c7a776efe719e1-1\" class=\"text-info\">Name <span class=\"required\">*<\/span><\/label><\/div>\n\t\t\t\t<div class=\"input\"><input class=\"wp-exclude-emoji gwolle_gb_d305598133145ef3b7c7a776efe719e1\" value=\"\" type=\"text\" id=\"gwolle_gb_d305598133145ef3b7c7a776efe719e1-1\" name=\"gwolle_gb_d305598133145ef3b7c7a776efe719e1\" required \/><\/div>\n\t\t\t\t<div class=\"clearBoth\">&nbsp;<\/div>\n\t\t\t<\/div><div class=\"gwolle_gb_033c6de80781daf178b3cc121949b714\">\n\t\t\t\t\t<div class=\"label\"><label for=\"gwolle_gb_033c6de80781daf178b3cc121949b714-1\" class=\"text-info\">Stadt<\/label><\/div>\n\t\t\t\t\t<div class=\"input\"><input class=\"wp-exclude-emoji gwolle_gb_033c6de80781daf178b3cc121949b714\" value=\"\" type=\"text\" id=\"gwolle_gb_033c6de80781daf178b3cc121949b714-1\" name=\"gwolle_gb_033c6de80781daf178b3cc121949b714\" \/><\/div>\n\t\t\t\t\t<div class=\"clearBoth\">&nbsp;<\/div>\n\t\t\t\t<\/div><div class=\"gwolle_gb_63af2fa24600e9b2a671fd9210716737\">\n\t\t\t\t<div class=\"label\"><label for=\"gwolle_gb_63af2fa24600e9b2a671fd9210716737-1\" class=\"text-info\">E-Mail <span class=\"required\">*<\/span><\/label><\/div>\n\t\t\t\t<div class=\"input\"><input class=\"gwolle_gb_63af2fa24600e9b2a671fd9210716737\" value=\"\" type=\"email\" id=\"gwolle_gb_63af2fa24600e9b2a671fd9210716737-1\" name=\"gwolle_gb_63af2fa24600e9b2a671fd9210716737\" required \/><\/div>\n\t\t\t\t<div class=\"clearBoth\">&nbsp;<\/div>\n\t\t\t<\/div><div class=\"gwolle_gb_6de08b3d12c65f75f3060bc64803e716\">\n\t\t\t\t<div class=\"label\"><label for=\"gwolle_gb_6de08b3d12c65f75f3060bc64803e716-1\" class=\"text-info\">Website<\/label><\/div>\n\t\t\t\t<div class=\"input\"><input class=\"gwolle_gb_6de08b3d12c65f75f3060bc64803e716\" value=\"\" type=\"url\" id=\"gwolle_gb_6de08b3d12c65f75f3060bc64803e716-1\" name=\"gwolle_gb_6de08b3d12c65f75f3060bc64803e716\" \/><\/div>\n\t\t\t\t<div class=\"clearBoth\">&nbsp;<\/div>\n\t\t\t<\/div>\n\t\t\t<div class=\"gwolle_gb_53f22230d9e4fabfa89320e97d490472\" style=\"display:none;overflow:hidden;\" hidden=\"true\" aria-hidden=\"true\">\n\t\t\t\t<div class=\"label\">\n\t\t\t\t\t<label for=\"gwolle_gb_53f22230d9e4fabfa89320e97d490472-1\" class=\"text-primary\">Hier nichts eingeben<\/label>\n\t\t\t\t\t<label for=\"gwolle_gb_75a5503b428148419a3b7c4eacadbbc4-1\" class=\"text-primary\">Hier nichts eingeben<\/label>\n\t\t\t\t<\/div>\n\t\t\t\t<div class=\"input\">\n\t\t\t\t\t<input value=\"11\" type=\"text\" id=\"gwolle_gb_53f22230d9e4fabfa89320e97d490472-1\" name=\"gwolle_gb_53f22230d9e4fabfa89320e97d490472\" class=\"gwolle_gb_53f22230d9e4fabfa89320e97d490472\" style=\"transform: translateY(10000px);\" \/>\n\t\t\t\t\t<input value=\"\" type=\"text\" name=\"gwolle_gb_75a5503b428148419a3b7c4eacadbbc4\" id=\"gwolle_gb_75a5503b428148419a3b7c4eacadbbc4-1\" class=\"gwolle_gb_75a5503b428148419a3b7c4eacadbbc4\" style=\"transform: translateY(10000px);\" \/>\n\t\t\t\t<\/div>\n\t\t\t\t<div class=\"clearBoth\"><\/div>\n\t\t\t<\/div>\n\t\t\t<div class=\"gwolle_gb_ec742e8608f65d950b4685ffd6e44edb\" style=\"display:none;overflow:hidden;\" hidden=\"true\" aria-hidden=\"true\">\n\t\t\t\t<div class=\"label\">\n\t\t\t\t\t<label for=\"gwolle_gb_ec742e8608f65d950b4685ffd6e44edb-1\" class=\"text-primary\">Hier nichts eingeben<\/label>\n\t\t\t\t\t<label for=\"gwolle_gb_d8372cf32a0a769f2cd148d26c323b7e-1\" class=\"text-primary\">Hier nichts eingeben<\/label>\n\t\t\t\t<\/div>\n\t\t\t\t<div class=\"input\">\n\t\t\t\t\t<input value=\"92994\" type=\"text\" id=\"gwolle_gb_ec742e8608f65d950b4685ffd6e44edb-1\" name=\"gwolle_gb_ec742e8608f65d950b4685ffd6e44edb\" class=\"gwolle_gb_ec742e8608f65d950b4685ffd6e44edb\" style=\"transform: translateY(10000px);\" \/>\n\t\t\t\t\t<input value=\"92994\" type=\"text\"id=\"gwolle_gb_d8372cf32a0a769f2cd148d26c323b7e-1\" name=\"gwolle_gb_d8372cf32a0a769f2cd148d26c323b7e\" class=\"gwolle_gb_d8372cf32a0a769f2cd148d26c323b7e\" style=\"transform: translateY(10000px);\" \/>\n\t\t\t\t<\/div>\n\t\t\t\t<div class=\"clearBoth\"><\/div>\n\t\t\t<\/div><div class=\"gwolle_gb_content\">\n\t\t\t\t<div class=\"label\"><label for=\"gwolle_gb_content-1\" class=\"text-info\">G\u00e4stebucheintrag <span class=\"required\">*<\/span><\/label><\/div>\n\t\t\t\t<div class=\"input\"><textarea id=\"gwolle_gb_content-1\" name=\"gwolle_gb_content\" class=\"gwolle_gb_content wp-exclude-emoji\" required ><\/textarea><\/div>\n\t\t\t\t\t<div class=\"clearBoth\">&nbsp;<\/div>\n\t\t\t\t<\/div><input type=\"hidden\" class=\"gwolle_gb_ec73805627d5d670c8327352dbebea59\" id=\"gwolle_gb_ec73805627d5d670c8327352dbebea59-1\" name=\"gwolle_gb_ec73805627d5d670c8327352dbebea59\" value=\"08428c1f4d\" \/>\n\t\t\t<div class=\"gwolle-gb-messages-bottom-container\"><\/div>\n\n\t\t\t<noscript><div class=\"no-js\">Warnung: Dieses Formular kann nur verwendet werden, wenn in deinem Browser JavaScript aktiviert ist.<\/div><\/noscript>\n\n\t\t\t<div class=\"gwolle_gb_submit gwolle-gb-submit\">\n\t\t\t\t<div class=\"label gwolle-gb-invisible text-muted\">&nbsp;<\/div>\n\t\t\t\t<div class=\"input\">\n\t\t\t\t\t<input type=\"submit\" name=\"gwolle_gb_submit\" class=\"gwolle_gb_submit button btn btn-primary \" value=\"Absenden\" \/>\n\t\t\t\t\t<span class=\"gwolle_gb_submit_ajax_icon gwolle-gb-submit-ajax-icon\"><\/span>\n\t\t\t\n\t\t\t\t<\/div>\n\t\t\t\t<div class=\"clearBoth\">&nbsp;<\/div>\n\t\t\t<\/div>\n\n\t\t\t<div class=\"gwolle_gb_notice gwolle-gb-notice\">\n\t\t\t\t<br \/>\nMit * gekennzeichnete Felder sind erforderlich.<br \/>\nDeine E-Mail-Adresse wird nicht ver\u00f6ffentlicht.<br \/>\nEs ist m\u00f6glich, dass dein Eintrag im G\u00e4stebuch erst sichtbar ist, nachdem wir ihn \u00fcberpr\u00fcft haben.<br \/>\nWir behalten uns vor, Eintr\u00e4ge zu bearbeiten, zu l\u00f6schen oder nicht zu ver\u00f6ffentlichen.<br \/>\n\n\t\t\t<\/div><\/form><div class=\"gwolle-gb-read gwolle-gb-ajax gwolle-gb-entries-list\" data-book_id=\"1\" data-page_id=\"1\">\n\t\t<div id=\"gwolle-gb-total\" class=\"gwolle-gb-total\">8 Eintr\u00e4ge<\/div><!-- Gwolle-GB Entry: Default Template Loaded -->\n\t\t\t\t<div class=\"gb-entry gb-entry_114 gb-entry-count_1 gwolle-gb-uneven gwolle-gb-first\" id=\"gb-entry_114\" data-entry_id=\"114\">\n\t\t\t\t<article>\n\t\t\t\t\t<div class=\"gb-author-info\">\n\t\t\t\t\t\t<span class=\"gb-author-avatar\"><img referrerpolicy=\"no-referrer\" alt='NZ Donzdorfer Wald-Schrat e.V.' src='https:\/\/secure.gravatar.com\/avatar\/377da6128014ede8f55cd2194fc12ec695536f0783e7016632ea681bcb4f8c02?s=32&#038;d=mm&#038;r=g' srcset='https:\/\/secure.gravatar.com\/avatar\/377da6128014ede8f55cd2194fc12ec695536f0783e7016632ea681bcb4f8c02?s=64&#038;d=mm&#038;r=g 2x' class='avatar avatar-32 photo' height='32' width='32' \/><\/span>\n\t\t\t\t\t\t<span class=\"gb-author-name\"><a href=\"http:\/\/www.wald-schrat.eu\" target=\"_blank\" rel=\"nofollow noopener noreferrer\"\n\t\t\t\t\t\t\ttitle=\"Besuche die Website von NZ Donzdorfer Wald-Schrat e.V.: http:\/\/www.wald-schrat.eu\">NZ Donzdorfer Wald-Schrat e.V.<\/a>\n\t\t\t\t\t\t<\/span>\n\t\t\t\t\t\t<span class=\"gb-author-origin\">\n\t\t\t\t\t\t\t<span class=\"gb-author-origin-from-text\"> aus<\/span>\n\t\t\t\t\t\t\t<span class=\"gb-author-origin-text\"> Donzdorf<\/span>\n\t\t\t\t\t\t<\/span>\n\t\t\t\t\t\t<span class=\"gb-datetime\">\n\t\t\t\t\t\t\t<span class=\"gb-date\"><span class=\"gb-date-wrote-text\"> schrieb am<\/span><span class=\"gb-date-text\"> Dezember 20, 2019<\/span>\n\t\t\t\t\t\t\t<\/span><span class=\"gb-time\">\n\t\t\t\t\t\t\t\t\t<span class=\"gb-time-at-text\"> um<\/span>\n\t\t\t\t\t\t\t\t\t<span class=\"gb-time-text\"> 14:18<\/span>\n\t\t\t\t\t\t\t\t<\/span>\n\t\t\t\t\t\t<\/span> \n\t\t\t\t\t<\/div>\n\t\t\t\t\t<div class=\"gb-entry-content\">Es ist Zeit f\u00fcr Liebe und Gef\u00fchl,\nnur drau\u00dfen bleibt es richtig k\u00fchl.\nKerzenschein und Apfelduft,\nja \u2013 es liegt Weihnachten in der Luft.\nWir w\u00fcnschen manche sch\u00f6ne Stunde\nin eurer trauten Familienrunde.\n(unbekannt)\nNZ  Donzdorfer Wald-Schrat e.V.\n\t\t\t\t\t<\/div>\n\t\t\t\t<\/article>\n\t\t\t<\/div>\n\t\t\t<div class=\"gb-entry gb-entry_107 gb-entry-count_2 gwolle-gb-even\" id=\"gb-entry_107\" data-entry_id=\"107\">\n\t\t\t\t<article>\n\t\t\t\t\t<div class=\"gb-author-info\">\n\t\t\t\t\t\t<span class=\"gb-author-avatar\"><img referrerpolicy=\"no-referrer\" alt='Donzdorf&#039;r Noda-Biag&#039;r' src='https:\/\/secure.gravatar.com\/avatar\/0abce419c08ed4d2643a2a5318275c756ff987ef8f4581f5011fbfd3c2fcea18?s=32&#038;d=mm&#038;r=g' srcset='https:\/\/secure.gravatar.com\/avatar\/0abce419c08ed4d2643a2a5318275c756ff987ef8f4581f5011fbfd3c2fcea18?s=64&#038;d=mm&#038;r=g 2x' class='avatar avatar-32 photo' height='32' width='32' \/><\/span>\n\t\t\t\t\t\t<span class=\"gb-author-name\"><a href=\"http:\/\/www.nodabiagr.de\" target=\"_blank\" rel=\"nofollow noopener noreferrer\"\n\t\t\t\t\t\t\ttitle=\"Besuche die Website von Donzdorf&#039;r Noda-Biag&#039;r: http:\/\/www.nodabiagr.de\">Donzdorf&#39;r Noda-Biag&#39;r<\/a>\n\t\t\t\t\t\t<\/span>\n\t\t\t\t\t\t<span class=\"gb-author-origin\">\n\t\t\t\t\t\t\t<span class=\"gb-author-origin-from-text\"> aus<\/span>\n\t\t\t\t\t\t\t<span class=\"gb-author-origin-text\"> Donzdorf<\/span>\n\t\t\t\t\t\t<\/span>\n\t\t\t\t\t\t<span class=\"gb-datetime\">\n\t\t\t\t\t\t\t<span class=\"gb-date\"><span class=\"gb-date-wrote-text\"> schrieb am<\/span><span class=\"gb-date-text\"> Januar 6, 2018<\/span>\n\t\t\t\t\t\t\t<\/span><span class=\"gb-time\">\n\t\t\t\t\t\t\t\t\t<span class=\"gb-time-at-text\"> um<\/span>\n\t\t\t\t\t\t\t\t\t<span class=\"gb-time-text\"> 13:24<\/span>\n\t\t\t\t\t\t\t\t<\/span>\n\t\t\t\t\t\t<\/span> \n\t\t\t\t\t<\/div>\n\t\t\t\t\t<div class=\"gb-entry-content\">Liebe Moschdschlozer wir haben die Wintergrill - Challenge des Brauchtumsverein W\u00e4schenbeuren angenommen und uns f\u00fcr deren H\u00e4sabstauba heute gest\u00e4rkt. \ud83c\udf86\ud83c\udf88\ud83c\udfb7\ud83c\udfba\ud83c\udfb6\n(Siehe Facebookaccount Noda-Biag&#039;r)\n\nWir nominieren:\nReichenbacher Moschdschlozer\nSt\u00e4\u00e4ra Gugga Donzdorf\n\nSolltet Ihr es bis zum 13.01.2018 nicht schaffen ein Wintergrillen\n(inkl. Videobeweiss ) zu organisieren, schuldet Ihr uns 50 Liter \nFreibier und ein Vesper.\n\n\ud83c\udf57\ud83e\uddc0\ud83e\udd56\ud83c\udf7a\ud83c\udf7a\ud83c\udf7a\n\nWir w\u00fcnschen euch beiden Nominierten viel Gl\u00fcck und eine gl\u00fcckselige Fasnet!\n\t\t\t\t\t<\/div>\n\t\t\t\t<\/article>\n\t\t\t<\/div>\n\t\t\t<div class=\"gb-entry gb-entry_89 gb-entry-count_3 gwolle-gb-uneven\" id=\"gb-entry_89\" data-entry_id=\"89\">\n\t\t\t\t<article>\n\t\t\t\t\t<div class=\"gb-author-info\">\n\t\t\t\t\t\t<span class=\"gb-author-avatar\"><img referrerpolicy=\"no-referrer\" alt='cafe moritz' src='https:\/\/secure.gravatar.com\/avatar\/ddeadc7267ccf4ae7934cba66b9de10f3e494fee2edfe6f1f71dc87bdbb5c414?s=32&#038;d=mm&#038;r=g' srcset='https:\/\/secure.gravatar.com\/avatar\/ddeadc7267ccf4ae7934cba66b9de10f3e494fee2edfe6f1f71dc87bdbb5c414?s=64&#038;d=mm&#038;r=g 2x' class='avatar avatar-32 photo' height='32' width='32' \/><\/span>\n\t\t\t\t\t\t<span class=\"gb-author-name\">cafe moritz\n\t\t\t\t\t\t<\/span>\n\t\t\t\t\t\t<span class=\"gb-datetime\">\n\t\t\t\t\t\t\t<span class=\"gb-date\"><span class=\"gb-date-wrote-text\"> schrieb am<\/span><span class=\"gb-date-text\"> Januar 5, 2017<\/span>\n\t\t\t\t\t\t\t<\/span><span class=\"gb-time\">\n\t\t\t\t\t\t\t\t\t<span class=\"gb-time-at-text\"> um<\/span>\n\t\t\t\t\t\t\t\t\t<span class=\"gb-time-text\"> 18:01<\/span>\n\t\t\t\t\t\t\t\t<\/span>\n\t\t\t\t\t\t<\/span> \n\t\t\t\t\t<\/div>\n\t\t\t\t\t<div class=\"gb-entry-content\">Am 15.1.17 isch so weit.\r\nFasnetszeit in M\u00fcnsingen und in unserem Cafe`moritz.\r\nWir sind im Herzen von M\u00fcnsingen direkt an der Umzugsstrecke.Wir verw\u00f6hnen Euren N\u00e4rrischen Gaumen mit leckeren S\u00fc\u00dfen und Herzaften Speisen.Und w\u00e4rmen Euch mit warmen Getr\u00e4nken auf. Wenn Ihr wollt k\u00f6nnt Ihr ein Pl\u00e4tzle reservieren . Tel.: 07381\/183990 oder @: info@moritz-stadtcafe.de.\r\nOder Ihr schaut einfach spontan vorbei.#\r\nWir freuen uns auf Euch.\r\nCafe`moritz mit Team\n\t\t\t\t\t<\/div>\n\t\t\t\t<\/article>\n\t\t\t<\/div>\n\t\t\t<div class=\"gb-entry gb-entry_87 gb-entry-count_4 gwolle-gb-even\" id=\"gb-entry_87\" data-entry_id=\"87\">\n\t\t\t\t<article>\n\t\t\t\t\t<div class=\"gb-author-info\">\n\t\t\t\t\t\t<span class=\"gb-author-avatar\"><img referrerpolicy=\"no-referrer\" alt='J\u00fcrgen' src='https:\/\/secure.gravatar.com\/avatar\/fb56ebe370e4d33014207373bdb87ce48386ced15e4aad77648f632f89b425f6?s=32&#038;d=mm&#038;r=g' srcset='https:\/\/secure.gravatar.com\/avatar\/fb56ebe370e4d33014207373bdb87ce48386ced15e4aad77648f632f89b425f6?s=64&#038;d=mm&#038;r=g 2x' class='avatar avatar-32 photo' height='32' width='32' \/><\/span>\n\t\t\t\t\t\t<span class=\"gb-author-name\"><a href=\"http:\/\/www.rommdreibr.de\" target=\"_blank\" rel=\"nofollow noopener noreferrer\"\n\t\t\t\t\t\t\ttitle=\"Besuche die Website von J\u00fcrgen: http:\/\/www.rommdreibr.de\">J\u00fcrgen<\/a>\n\t\t\t\t\t\t<\/span>\n\t\t\t\t\t\t<span class=\"gb-datetime\">\n\t\t\t\t\t\t\t<span class=\"gb-date\"><span class=\"gb-date-wrote-text\"> schrieb am<\/span><span class=\"gb-date-text\"> Dezember 27, 2016<\/span>\n\t\t\t\t\t\t\t<\/span><span class=\"gb-time\">\n\t\t\t\t\t\t\t\t\t<span class=\"gb-time-at-text\"> um<\/span>\n\t\t\t\t\t\t\t\t\t<span class=\"gb-time-text\"> 21:02<\/span>\n\t\t\t\t\t\t\t\t<\/span>\n\t\t\t\t\t\t<\/span> \n\t\t\t\t\t<\/div>\n\t\t\t\t\t<div class=\"gb-entry-content\">Wir w\u00fcnschen euch einen guten Rutsch ins neue Jahr.\r\nF\u00fcr die bevorstehende Kampagne w\u00fcnschen wir euch viel Erfolg und vor allem jede Menge Spa\u00df.\r\n\r\nGria\u00dfle\r\nGuggamusigg Rommdreibr e. V.\r\nRechberghausen\n\t\t\t\t\t<\/div>\n\t\t\t\t<\/article>\n\t\t\t<\/div>\n\t\t\t<div class=\"gb-entry gb-entry_84 gb-entry-count_5 gwolle-gb-uneven\" id=\"gb-entry_84\" data-entry_id=\"84\">\n\t\t\t\t<article>\n\t\t\t\t\t<div class=\"gb-author-info\">\n\t\t\t\t\t\t<span class=\"gb-author-avatar\"><img referrerpolicy=\"no-referrer\" alt='Jose Manuel Fuentes' src='https:\/\/secure.gravatar.com\/avatar\/799a9fb6ecc71119d8e97be472481857130e12aee9732393bfdf4006997bc812?s=32&#038;d=mm&#038;r=g' srcset='https:\/\/secure.gravatar.com\/avatar\/799a9fb6ecc71119d8e97be472481857130e12aee9732393bfdf4006997bc812?s=64&#038;d=mm&#038;r=g 2x' class='avatar avatar-32 photo' height='32' width='32' \/><\/span>\n\t\t\t\t\t\t<span class=\"gb-author-name\">Jose Manuel Fuentes\n\t\t\t\t\t\t<\/span>\n\t\t\t\t\t\t<span class=\"gb-author-origin\">\n\t\t\t\t\t\t\t<span class=\"gb-author-origin-from-text\"> aus<\/span>\n\t\t\t\t\t\t\t<span class=\"gb-author-origin-text\"> Uhingen<\/span>\n\t\t\t\t\t\t<\/span>\n\t\t\t\t\t\t<span class=\"gb-datetime\">\n\t\t\t\t\t\t\t<span class=\"gb-date\"><span class=\"gb-date-wrote-text\"> schrieb am<\/span><span class=\"gb-date-text\"> Oktober 3, 2016<\/span>\n\t\t\t\t\t\t\t<\/span><span class=\"gb-time\">\n\t\t\t\t\t\t\t\t\t<span class=\"gb-time-at-text\"> um<\/span>\n\t\t\t\t\t\t\t\t\t<span class=\"gb-time-text\"> 10:30<\/span>\n\t\t\t\t\t\t\t\t<\/span>\n\t\t\t\t\t\t<\/span> \n\t\t\t\t\t<\/div>\n\t\t\t\t\t<div class=\"gb-entry-content\">Hallo liebe moschdschlozer ich freue mich jedes jahr auf euch das ich euch sehe\n\t\t\t\t\t<\/div>\n\t\t\t\t<\/article>\n\t\t\t<\/div>\n\t\t\t<div class=\"gb-entry gb-entry_81 gb-entry-count_6 gwolle-gb-even\" id=\"gb-entry_81\" data-entry_id=\"81\">\n\t\t\t\t<article>\n\t\t\t\t\t<div class=\"gb-author-info\">\n\t\t\t\t\t\t<span class=\"gb-author-avatar\"><img referrerpolicy=\"no-referrer\" alt='J\u00fcrgen' src='https:\/\/secure.gravatar.com\/avatar\/fb56ebe370e4d33014207373bdb87ce48386ced15e4aad77648f632f89b425f6?s=32&#038;d=mm&#038;r=g' srcset='https:\/\/secure.gravatar.com\/avatar\/fb56ebe370e4d33014207373bdb87ce48386ced15e4aad77648f632f89b425f6?s=64&#038;d=mm&#038;r=g 2x' class='avatar avatar-32 photo' height='32' width='32' \/><\/span>\n\t\t\t\t\t\t<span class=\"gb-author-name\"><a href=\"http:\/\/www.rommdreibr.de\" target=\"_blank\" rel=\"nofollow noopener noreferrer\"\n\t\t\t\t\t\t\ttitle=\"Besuche die Website von J\u00fcrgen: http:\/\/www.rommdreibr.de\">J\u00fcrgen<\/a>\n\t\t\t\t\t\t<\/span>\n\t\t\t\t\t\t<span class=\"gb-datetime\">\n\t\t\t\t\t\t\t<span class=\"gb-date\"><span class=\"gb-date-wrote-text\"> schrieb am<\/span><span class=\"gb-date-text\"> Dezember 25, 2015<\/span>\n\t\t\t\t\t\t\t<\/span><span class=\"gb-time\">\n\t\t\t\t\t\t\t\t\t<span class=\"gb-time-at-text\"> um<\/span>\n\t\t\t\t\t\t\t\t\t<span class=\"gb-time-text\"> 13:09<\/span>\n\t\t\t\t\t\t\t\t<\/span>\n\t\t\t\t\t\t<\/span> \n\t\t\t\t\t<\/div>\n\t\t\t\t\t<div class=\"gb-entry-content\">Wir w\u00fcnschen euch ein frohes geruhsames Weihnachtsfest mit vielen fetten Geschenken unterm Weihnachtsbaum und einen guten Rutsch ins neue Jahr.\r\nF\u00fcr die in K\u00fcrze beginnende 5. Jahreszeit w\u00fcnschen wir euch viel Erfolg und vor allem jede Menge Spa\u00df. \r\nBis dahin, genie\u00dft die Ruhe vor dem Sturm.\r\n\r\nGria\u00dfle\r\nGuggamusigg Rommdreibr e. V.\r\nRechberghausen\n\t\t\t\t\t<\/div>\n\t\t\t\t<\/article>\n\t\t\t<\/div>\n\t\t\t<div class=\"gb-entry gb-entry_80 gb-entry-count_7 gwolle-gb-uneven\" id=\"gb-entry_80\" data-entry_id=\"80\">\n\t\t\t\t<article>\n\t\t\t\t\t<div class=\"gb-author-info\">\n\t\t\t\t\t\t<span class=\"gb-author-avatar\"><img referrerpolicy=\"no-referrer\" alt='NZ Donzdorfer Wald-Schrat' src='https:\/\/secure.gravatar.com\/avatar\/377da6128014ede8f55cd2194fc12ec695536f0783e7016632ea681bcb4f8c02?s=32&#038;d=mm&#038;r=g' srcset='https:\/\/secure.gravatar.com\/avatar\/377da6128014ede8f55cd2194fc12ec695536f0783e7016632ea681bcb4f8c02?s=64&#038;d=mm&#038;r=g 2x' class='avatar avatar-32 photo' height='32' width='32' \/><\/span>\n\t\t\t\t\t\t<span class=\"gb-author-name\"><a href=\"http:\/\/www.wald-schrat.eu\" target=\"_blank\" rel=\"nofollow noopener noreferrer\"\n\t\t\t\t\t\t\ttitle=\"Besuche die Website von NZ Donzdorfer Wald-Schrat: http:\/\/www.wald-schrat.eu\">NZ Donzdorfer Wald-Schrat<\/a>\n\t\t\t\t\t\t<\/span>\n\t\t\t\t\t\t<span class=\"gb-author-origin\">\n\t\t\t\t\t\t\t<span class=\"gb-author-origin-from-text\"> aus<\/span>\n\t\t\t\t\t\t\t<span class=\"gb-author-origin-text\"> Donzdorf<\/span>\n\t\t\t\t\t\t<\/span>\n\t\t\t\t\t\t<span class=\"gb-datetime\">\n\t\t\t\t\t\t\t<span class=\"gb-date\"><span class=\"gb-date-wrote-text\"> schrieb am<\/span><span class=\"gb-date-text\"> Dezember 23, 2015<\/span>\n\t\t\t\t\t\t\t<\/span><span class=\"gb-time\">\n\t\t\t\t\t\t\t\t\t<span class=\"gb-time-at-text\"> um<\/span>\n\t\t\t\t\t\t\t\t\t<span class=\"gb-time-text\"> 18:04<\/span>\n\t\t\t\t\t\t\t\t<\/span>\n\t\t\t\t\t\t<\/span> \n\t\t\t\t\t<\/div>\n\t\t\t\t\t<div class=\"gb-entry-content\">Ich w\u00fcnsche mir... \r\n\r\nIch w\u00fcnsche mir in diesem Jahr\r\nmal Weihnacht\u2019 wie es fr\u00fcher war.\r\nKein Hetzen zur Bescherung hin,\r\nkein schenken ohne Herz und Sinn. \r\nIch w\u00fcnsch\u2019 mir eine stille Nacht,\r\nfrostklirrend und mit wei\u00dfer Pracht.\r\nIch w\u00fcnsche mir ein kleines St\u00fcck\r\nVon warmer Menschlichkeit zur\u00fcck. \r\nIch w\u00fcnsche mir in diesem Jahr\r\n`ne Weihnacht, wie als Kind sie war.\r\nEs war einmal, schon lang ist`s her,\r\nda war so wenig so viel mehr. \r\n\r\nAlles Gute Euch, w\u00fcnscht die NZ Donzdorfer Wald-Schrat e.V.\n\t\t\t\t\t<\/div>\n\t\t\t\t<\/article>\n\t\t\t<\/div>\n\t\t\t<div class=\"gb-entry gb-entry_3 gb-entry-count_8 gwolle-gb-even\" id=\"gb-entry_3\" data-entry_id=\"3\">\n\t\t\t\t<article>\n\t\t\t\t\t<div class=\"gb-author-info\">\n\t\t\t\t\t\t<span class=\"gb-author-avatar\"><img referrerpolicy=\"no-referrer\" alt='Rolf Trautmann' src='https:\/\/secure.gravatar.com\/avatar\/d74c6d9dddc28c01902149ce889b772f7f2c83cb082bbf7b68eb934058a66062?s=32&#038;d=mm&#038;r=g' srcset='https:\/\/secure.gravatar.com\/avatar\/d74c6d9dddc28c01902149ce889b772f7f2c83cb082bbf7b68eb934058a66062?s=64&#038;d=mm&#038;r=g 2x' class='avatar avatar-32 photo' height='32' width='32' \/><\/span>\n\t\t\t\t\t\t<span class=\"gb-author-name\"><a href=\"http:\/\/www.fleggakaschber.de\" target=\"_blank\" rel=\"nofollow noopener noreferrer\"\n\t\t\t\t\t\t\ttitle=\"Besuche die Website von Rolf Trautmann: http:\/\/www.fleggakaschber.de\">Rolf Trautmann<\/a>\n\t\t\t\t\t\t<\/span>\n\t\t\t\t\t\t<span class=\"gb-author-origin\">\n\t\t\t\t\t\t\t<span class=\"gb-author-origin-from-text\"> aus<\/span>\n\t\t\t\t\t\t\t<span class=\"gb-author-origin-text\"> Berkheim<\/span>\n\t\t\t\t\t\t<\/span>\n\t\t\t\t\t\t<span class=\"gb-datetime\">\n\t\t\t\t\t\t\t<span class=\"gb-date\"><span class=\"gb-date-wrote-text\"> schrieb am<\/span><span class=\"gb-date-text\"> M\u00e4rz 6, 2015<\/span>\n\t\t\t\t\t\t\t<\/span><span class=\"gb-time\">\n\t\t\t\t\t\t\t\t\t<span class=\"gb-time-at-text\"> um<\/span>\n\t\t\t\t\t\t\t\t\t<span class=\"gb-time-text\"> 11:44<\/span>\n\t\t\t\t\t\t\t\t<\/span>\n\t\t\t\t\t\t<\/span> \n\t\t\t\t\t<\/div>\n\t\t\t\t\t<div class=\"gb-entry-content\">22 Jahre\r\nBerkheimer Flegga Kaschber e.V.\r\n02.09.1992 \u2013 02.09.2014\r\n\r\nfeiert mit uns dieses Jubil\u00e4um\r\n\r\n24.Jubil\u00e4ums Flegga-Hock\r\nFreitag 1.Mai 2015 ab 11 Uhr\r\nf\u00fcr das leibliche Wohl ist gesorgt\r\n\r\nJubil\u00e4ums Fest\r\nSamstag 2.Mai 2015 ab 17 Uhr\r\nBewirtung und Bar\r\nAb 18:00 Uhr mit DJ Team G\u00f6ppingen\r\nwww.djteam-gp.de\r\n\r\nAuf dem Hartplatz bei der Osterfeldhalle\n\t\t\t\t\t<\/div>\n\t\t\t\t<\/article>\n\t\t\t<\/div>\n\t\t\t<\/div><\/div>\n","protected":false},"excerpt":{"rendered":"","protected":false},"author":2,"featured_media":0,"parent":0,"menu_order":0,"comment_status":"closed","ping_status":"open","template":"","meta":{"footnotes":""},"class_list":["post-77","page","type-page","status-publish","hentry"],"_links":{"self":[{"href":"https:\/\/moschdschlozer.de\/index.php?rest_route=\/wp\/v2\/pages\/77","targetHints":{"allow":["GET"]}}],"collection":[{"href":"https:\/\/moschdschlozer.de\/index.php?rest_route=\/wp\/v2\/pages"}],"about":[{"href":"https:\/\/moschdschlozer.de\/index.php?rest_route=\/wp\/v2\/types\/page"}],"author":[{"embeddable":true,"href":"https:\/\/moschdschlozer.de\/index.php?rest_route=\/wp\/v2\/users\/2"}],"replies":[{"embeddable":true,"href":"https:\/\/moschdschlozer.de\/index.php?rest_route=%2Fwp%2Fv2%2Fcomments&post=77"}],"version-history":[{"count":1,"href":"https:\/\/moschdschlozer.de\/index.php?rest_route=\/wp\/v2\/pages\/77\/revisions"}],"predecessor-version":[{"id":78,"href":"https:\/\/moschdschlozer.de\/index.php?rest_route=\/wp\/v2\/pages\/77\/revisions\/78"}],"wp:attachment":[{"href":"https:\/\/moschdschlozer.de\/index.php?rest_route=%2Fwp%2Fv2%2Fmedia&parent=77"}],"curies":[{"name":"wp","href":"https:\/\/api.w.org\/{rel}","templated":true}]}}