{"id":37,"date":"2014-11-05T18:41:29","date_gmt":"2014-11-05T18:41:29","guid":{"rendered":"http:\/\/moschdschlozer.de\/?page_id=37"},"modified":"2026-01-05T21:25:05","modified_gmt":"2026-01-05T21:25:05","slug":"start","status":"publish","type":"page","link":"https:\/\/moschdschlozer.de\/","title":{"rendered":"Start"},"content":{"rendered":"<p>Herzlich Willkommen auf den Seiten der Reichenbacher Moschdschlozer.<\/p>\n<p>Hier findet ihr alle Informationen rund um die Moschdschlozer.<\/p>\n<p>Wer wir sind, was wir machen und wie man uns erreichen kann.<\/p>\n<p>Viel Spa\u00df beim st\u00f6bern w\u00fcnschen euch die Moschdis.<\/p>\n<p>NEWS:<\/p>\n<p>05.01.2026: Termine f\u00fcr Kampagne 2026 aktualisiert<\/p>\n<p>Termine f\u00fcr die Kampagne 2025 aktualisiert<\/p>\n<p>16.01.2024: Termine f\u00fcr die Kampagne 2024 aktualisiert.<\/p>\n<p>05.01.2023: Termine f\u00fcr die Kampagne 2023 aktualisiert.<\/p>\n<p>Alle Infos zur Kampagne 2023 und vieles weiteres \u00fcber die Donzdorfer Fasnet findet ihr auch auf der neuen Homepages des\u00a0<a href=\"https:\/\/freiernarrenringdonzdorf.de\/\" target=\"_blank\" rel=\"noopener\">Freien Narrenring Donzdorf<\/a><\/p>\n<p>03.12.2019: Termine f\u00fcr die Kampagne 2020 aktualisiert.<\/p>\n<p>10.01.2019: Aktuelle Termine f\u00fcr die Kampagne 2019 sind jetzt online.<\/p>\n<p>17.01.2017: Aktuelle Bilder der letzten Kampagne hinzugef\u00fcgt: <a href=\"http:\/\/moschdschlozer.de\/?page_id=1107\">Kampagne 2017<\/a><\/p>\n<p>Der Bericht \u00fcbers Moschden auf dem Schillingshof f\u00fcr die Kampagne 2017 ist jetzt <a href=\"http:\/\/moschdschlozer.de\/?page_id=1027\">online<\/a>.<\/p>\n","protected":false},"excerpt":{"rendered":"<p>Herzlich Willkommen auf den Seiten der Reichenbacher Moschdschlozer. Hier findet ihr alle Informationen rund um die Moschdschlozer. Wer wir sind, was wir machen und wie man uns erreichen kann. Viel Spa\u00df beim st\u00f6bern w\u00fcnschen euch die Moschdis. NEWS: 05.01.2026: Termine f\u00fcr Kampagne 2026 aktualisiert Termine f\u00fcr die Kampagne 2025 aktualisiert 16.01.2024: Termine f\u00fcr die Kampagne &hellip; <a href=\"https:\/\/moschdschlozer.de\/\" class=\"more-link\"><span class=\"screen-reader-text\">Start<\/span> weiterlesen <span class=\"meta-nav\">&rarr;<\/span><\/a><\/p>\n","protected":false},"author":1,"featured_media":0,"parent":0,"menu_order":0,"comment_status":"closed","ping_status":"open","template":"","meta":{"footnotes":""},"class_list":["post-37","page","type-page","status-publish","hentry"],"_links":{"self":[{"href":"https:\/\/moschdschlozer.de\/index.php?rest_route=\/wp\/v2\/pages\/37","targetHints":{"allow":["GET"]}}],"collection":[{"href":"https:\/\/moschdschlozer.de\/index.php?rest_route=\/wp\/v2\/pages"}],"about":[{"href":"https:\/\/moschdschlozer.de\/index.php?rest_route=\/wp\/v2\/types\/page"}],"author":[{"embeddable":true,"href":"https:\/\/moschdschlozer.de\/index.php?rest_route=\/wp\/v2\/users\/1"}],"replies":[{"embeddable":true,"href":"https:\/\/moschdschlozer.de\/index.php?rest_route=%2Fwp%2Fv2%2Fcomments&post=37"}],"version-history":[{"count":16,"href":"https:\/\/moschdschlozer.de\/index.php?rest_route=\/wp\/v2\/pages\/37\/revisions"}],"predecessor-version":[{"id":1199,"href":"https:\/\/moschdschlozer.de\/index.php?rest_route=\/wp\/v2\/pages\/37\/revisions\/1199"}],"wp:attachment":[{"href":"https:\/\/moschdschlozer.de\/index.php?rest_route=%2Fwp%2Fv2%2Fmedia&parent=37"}],"curies":[{"name":"wp","href":"https:\/\/api.w.org\/{rel}","templated":true}]}}