{"id":17,"date":"2014-11-05T18:24:35","date_gmt":"2014-11-05T18:24:35","guid":{"rendered":"http:\/\/moschdschlozer.de\/?page_id=17"},"modified":"2019-11-20T08:07:24","modified_gmt":"2019-11-20T08:07:24","slug":"geschichte","status":"publish","type":"page","link":"https:\/\/moschdschlozer.de\/?page_id=17","title":{"rendered":"Geschichte"},"content":{"rendered":"<p>Die Reichenbacher Moschdschlozer &#8230;<\/p>\n<p>Reichenbach u. R. ist ein Stadtteil von Donzdorf mit etwas mehr als 1700 Einwohnern in<\/p>\n<p>der N\u00e4he der drei Kaiserberge am Rande der Schw\u00e4bischen Alb.<\/p>\n<p>Zum ersten Mal wird Reichenbach 1275 im \u201eliber decimationis\u201c (Rechbergsches<\/p>\n<p>Archiv in Donzdorf) als Gemeinde erw\u00e4hnt.<\/p>\n<p>Reichenbach und seine Gemarkung haben eine weit zur\u00fcckreichende Geschichte. Der<\/p>\n<p>Gemeindebezirk geh\u00f6rte ehemals teilweise zur Herrschaft Scharfenstein und teils zu<\/p>\n<p>Hohenrechberg, Ramsberg und Staufeneck. Das Dorf selbst stand bis Anfang des 19.<\/p>\n<p>Jahrhunderts gr\u00f6\u00dftenteils unter der Herrschaft des Grafen von Rechberg und<\/p>\n<p>Rothenl\u00f6wen. \u00dcber viele Jahrzehnte hinweg hatte Reichenbach mit seinen umliegenden<\/p>\n<p>H\u00f6fen eine gleich bleibende Einwohnerzahl von ungef\u00e4hr 500 Personen, wobei hiervon<\/p>\n<p>ca. 400 Leute auf die 23 H\u00f6fe verteilt lebten.<\/p>\n<p>Wir befinden uns nun im Jahre 1994 n. Chr. Ganz Reichenbach beschlie\u00dft sich<\/p>\n<p>zusammenzurotten&#8230;<\/p>\n<p>Ganz Reichenbach? Nein! Nur eine Handvoll nimmerm\u00fcder Dorfbewohner h\u00f6rt nicht<\/p>\n<p>mehr auf, von einer Narrenzunft zu reden.<\/p>\n<p>Mit Hilfe unseres Zaubertranks machten wir uns dann Gedanken \u00fcber unsere<\/p>\n<p>zuk\u00fcnftige \u201eKampfausr\u00fcstung\u201c sprich H\u00e4s, sowie nat\u00fcrlich unsere Maske. Es mussten<\/p>\n<p>ernste Fragen beantwortet werden wie: Was wollen wir darstellen? Was passt zu<\/p>\n<p>unserem Dorf?<\/p>\n<p>Was lag da n\u00e4her als ein gem\u00fctliches B\u00e4uerlein, der nach getaner Arbeit \u201esei Kriagle<\/p>\n<p>Moschd schlozd\u201c.<\/p>\n<p>Und so wurde kurzerhand im Sp\u00e4tsommer 1994 beschlossen, den Reichenbacher<\/p>\n<p>Moschdschlozer ins Leben zu rufen.<\/p>\n<p>Mittlerweile sind wir auf die stattliche Zahl von 55 Mitgliedern angewachsen, die<\/p>\n<p>w\u00e4hrend der Narrenspr\u00fcnge und Umz\u00fcge bereitwillig \u201eZaubertrunk\u201c aus ihrem<\/p>\n<p>W\u00e4gelchen sowie Schlozer an die umstehenden Zuschauer verteilen. Aber manch einem<\/p>\n<p>schmeckt unser Zaubertrank nicht, was mit lustigsten Grimassen und<\/p>\n<p>Kommentaren zum Ausdruck kommt.<\/p>\n","protected":false},"excerpt":{"rendered":"<p>Die Reichenbacher Moschdschlozer &#8230; Reichenbach u. R. ist ein Stadtteil von Donzdorf mit etwas mehr als 1700 Einwohnern in der N\u00e4he der drei Kaiserberge am Rande der Schw\u00e4bischen Alb. Zum ersten Mal wird Reichenbach 1275 im \u201eliber decimationis\u201c (Rechbergsches Archiv in Donzdorf) als Gemeinde erw\u00e4hnt. Reichenbach und seine Gemarkung haben eine weit zur\u00fcckreichende Geschichte. Der &hellip; <a href=\"https:\/\/moschdschlozer.de\/?page_id=17\" class=\"more-link\"><span class=\"screen-reader-text\">Geschichte<\/span> weiterlesen <span class=\"meta-nav\">&rarr;<\/span><\/a><\/p>\n","protected":false},"author":1,"featured_media":0,"parent":0,"menu_order":0,"comment_status":"closed","ping_status":"open","template":"","meta":{"footnotes":""},"class_list":["post-17","page","type-page","status-publish","hentry"],"_links":{"self":[{"href":"https:\/\/moschdschlozer.de\/index.php?rest_route=\/wp\/v2\/pages\/17","targetHints":{"allow":["GET"]}}],"collection":[{"href":"https:\/\/moschdschlozer.de\/index.php?rest_route=\/wp\/v2\/pages"}],"about":[{"href":"https:\/\/moschdschlozer.de\/index.php?rest_route=\/wp\/v2\/types\/page"}],"author":[{"embeddable":true,"href":"https:\/\/moschdschlozer.de\/index.php?rest_route=\/wp\/v2\/users\/1"}],"replies":[{"embeddable":true,"href":"https:\/\/moschdschlozer.de\/index.php?rest_route=%2Fwp%2Fv2%2Fcomments&post=17"}],"version-history":[{"count":3,"href":"https:\/\/moschdschlozer.de\/index.php?rest_route=\/wp\/v2\/pages\/17\/revisions"}],"predecessor-version":[{"id":1151,"href":"https:\/\/moschdschlozer.de\/index.php?rest_route=\/wp\/v2\/pages\/17\/revisions\/1151"}],"wp:attachment":[{"href":"https:\/\/moschdschlozer.de\/index.php?rest_route=%2Fwp%2Fv2%2Fmedia&parent=17"}],"curies":[{"name":"wp","href":"https:\/\/api.w.org\/{rel}","templated":true}]}}