{"id":1027,"date":"2017-01-18T11:07:36","date_gmt":"2017-01-18T11:07:36","guid":{"rendered":"http:\/\/moschdschlozer.de\/?page_id=1027"},"modified":"2017-01-18T13:52:37","modified_gmt":"2017-01-18T13:52:37","slug":"15-10-2016-moschden-auf-dem-schillingshof","status":"publish","type":"page","link":"https:\/\/moschdschlozer.de\/?page_id=1027","title":{"rendered":"15.10.2016 Moschden auf dem Schillingshof"},"content":{"rendered":"<p><strong>Mosten auf dem Schillinghof am 15.10.2016<\/strong><\/p>\n<p>Ein wichtiger Grundstein f\u00fcr die kommende Fasnet ist gelegt!<br \/>\nUnter fachm\u00e4nnischer Anleitung durch die Familie Irtenkauf konnten die Reichenbacher<br \/>\nMoschdschlozer den Most f\u00fcr die Fasnets-Kampagne 2017 herstellen.<br \/>\nNachdem bereits ein gro\u00dfer Teil an \u00c4pfeln und Birnen gesammelt war, konnten wir nun<br \/>\nendlich loslegen und dem Obst den begehrten Saft entlocken. Die von der Familie Irtenkauf<br \/>\nbereitgestellte Saftpresse wurde also bef\u00fcllt und unter vollem Kr\u00e4fteeinsatz unserer<br \/>\nMoschdschlozer lief schon bald das erste fl\u00fcssige Gold dieser Saison in die F\u00e4sser!<\/p>\n<p>Wir hatten uns schnell sehr gut eingespielt, sodass das Aussortieren, Waschen, Maischen<br \/>\nund Pressen des Obstes reibungslos lief und schon bald s\u00e4mtliches gesammelte Obst<br \/>\nverarbeitet war. Zum Gl\u00fcck waren die hofeigenen Streuobstwiesen nicht weit und es konnte schnell f\u00fcr Nachschub gesorgt werden.<\/p>\n<p>Zum Ende eines sch\u00f6nen Herbsttages gab es dann noch eine F\u00fchrung durch die<br \/>\nHofbrennerei &#8211; nat\u00fcrlich mit anschlie\u00dfender Verkostung verschiedener Schn\u00e4pse. Roland<br \/>\nund Andrea Irtenkauf wiesen uns in die spannende Arbeit und Geschichte der<br \/>\ntraditionsreichen Brennerei ein, in der in reiner Handarbeit aus dem Obst eigener<br \/>\nStreuobstwiesen Lik\u00f6re und Spirituosen verschiedenster Sorten entstehen. Ganz besonderer Beliebtheit erfreute sich in unseren Reihen der allseits bekannte Apfelbrand aus dem Eichenfass. Ein Besuch auf dem Schillinghof lohnt sich also allemal und kann absolut weiterempfohlen werden.<\/p>\n<p>An dieser Stelle m\u00f6chten wir uns noch einmal herzlich bei der gesamten Familie Irtenkauf f\u00fcr die tolle Unterst\u00fctzung und einen wirklich gelungenen Tag auf dem Schillinghof bedanken.<\/p>\n<p>Nun steht der kommenden Fasnet nichts mehr im Wege und wir alle freuen uns schon<br \/>\ndarauf, unseren Most bald mit euch genie\u00dfen zu k\u00f6nnen.<\/p>\n<p>&nbsp;<\/p>\n<div id='gallery-1' class='gallery galleryid-1027 gallery-columns-3 gallery-size-thumbnail'><figure class='gallery-item'>\n\t\t\t<div class='gallery-icon landscape'>\n\t\t\t\t<a href='https:\/\/moschdschlozer.de\/?attachment_id=1030'><img loading=\"lazy\" decoding=\"async\" width=\"150\" height=\"150\" src=\"https:\/\/moschdschlozer.de\/wp-content\/uploads\/2017\/01\/IMG_3590-150x150.jpg\" class=\"attachment-thumbnail size-thumbnail\" alt=\"\" \/><\/a>\n\t\t\t<\/div><\/figure><figure class='gallery-item'>\n\t\t\t<div class='gallery-icon landscape'>\n\t\t\t\t<a href='https:\/\/moschdschlozer.de\/?attachment_id=1031'><img loading=\"lazy\" decoding=\"async\" width=\"150\" height=\"150\" src=\"https:\/\/moschdschlozer.de\/wp-content\/uploads\/2017\/01\/IMG_3593-150x150.jpg\" class=\"attachment-thumbnail size-thumbnail\" alt=\"\" \/><\/a>\n\t\t\t<\/div><\/figure><figure class='gallery-item'>\n\t\t\t<div class='gallery-icon landscape'>\n\t\t\t\t<a href='https:\/\/moschdschlozer.de\/?attachment_id=1032'><img loading=\"lazy\" decoding=\"async\" width=\"150\" height=\"150\" src=\"https:\/\/moschdschlozer.de\/wp-content\/uploads\/2017\/01\/IMG_3596-150x150.jpg\" class=\"attachment-thumbnail size-thumbnail\" alt=\"\" \/><\/a>\n\t\t\t<\/div><\/figure><figure class='gallery-item'>\n\t\t\t<div class='gallery-icon landscape'>\n\t\t\t\t<a href='https:\/\/moschdschlozer.de\/?attachment_id=1033'><img loading=\"lazy\" decoding=\"async\" width=\"150\" height=\"150\" src=\"https:\/\/moschdschlozer.de\/wp-content\/uploads\/2017\/01\/IMG_3605-150x150.jpg\" class=\"attachment-thumbnail size-thumbnail\" alt=\"\" \/><\/a>\n\t\t\t<\/div><\/figure><figure class='gallery-item'>\n\t\t\t<div class='gallery-icon landscape'>\n\t\t\t\t<a href='https:\/\/moschdschlozer.de\/?attachment_id=1034'><img loading=\"lazy\" decoding=\"async\" width=\"150\" height=\"150\" src=\"https:\/\/moschdschlozer.de\/wp-content\/uploads\/2017\/01\/IMG_3610-150x150.jpg\" class=\"attachment-thumbnail size-thumbnail\" alt=\"\" \/><\/a>\n\t\t\t<\/div><\/figure><figure class='gallery-item'>\n\t\t\t<div class='gallery-icon landscape'>\n\t\t\t\t<a href='https:\/\/moschdschlozer.de\/?attachment_id=1035'><img loading=\"lazy\" decoding=\"async\" width=\"150\" height=\"150\" src=\"https:\/\/moschdschlozer.de\/wp-content\/uploads\/2017\/01\/IMG_3615-150x150.jpg\" class=\"attachment-thumbnail size-thumbnail\" alt=\"\" \/><\/a>\n\t\t\t<\/div><\/figure><figure class='gallery-item'>\n\t\t\t<div class='gallery-icon landscape'>\n\t\t\t\t<a href='https:\/\/moschdschlozer.de\/?attachment_id=1036'><img loading=\"lazy\" decoding=\"async\" width=\"150\" height=\"150\" src=\"https:\/\/moschdschlozer.de\/wp-content\/uploads\/2017\/01\/IMG_3617-150x150.jpg\" class=\"attachment-thumbnail size-thumbnail\" alt=\"\" \/><\/a>\n\t\t\t<\/div><\/figure><figure class='gallery-item'>\n\t\t\t<div class='gallery-icon landscape'>\n\t\t\t\t<a href='https:\/\/moschdschlozer.de\/?attachment_id=1037'><img loading=\"lazy\" decoding=\"async\" width=\"150\" height=\"150\" src=\"https:\/\/moschdschlozer.de\/wp-content\/uploads\/2017\/01\/IMG_3619-150x150.jpg\" class=\"attachment-thumbnail size-thumbnail\" alt=\"\" \/><\/a>\n\t\t\t<\/div><\/figure><figure class='gallery-item'>\n\t\t\t<div class='gallery-icon landscape'>\n\t\t\t\t<a href='https:\/\/moschdschlozer.de\/?attachment_id=1038'><img loading=\"lazy\" decoding=\"async\" width=\"150\" height=\"150\" src=\"https:\/\/moschdschlozer.de\/wp-content\/uploads\/2017\/01\/IMG_3631-150x150.jpg\" class=\"attachment-thumbnail size-thumbnail\" alt=\"\" \/><\/a>\n\t\t\t<\/div><\/figure><figure class='gallery-item'>\n\t\t\t<div class='gallery-icon landscape'>\n\t\t\t\t<a href='https:\/\/moschdschlozer.de\/?attachment_id=1039'><img loading=\"lazy\" decoding=\"async\" width=\"150\" height=\"150\" src=\"https:\/\/moschdschlozer.de\/wp-content\/uploads\/2017\/01\/IMG_3633-150x150.jpg\" class=\"attachment-thumbnail size-thumbnail\" alt=\"\" \/><\/a>\n\t\t\t<\/div><\/figure><figure class='gallery-item'>\n\t\t\t<div class='gallery-icon landscape'>\n\t\t\t\t<a href='https:\/\/moschdschlozer.de\/?attachment_id=1040'><img loading=\"lazy\" decoding=\"async\" width=\"150\" height=\"150\" src=\"https:\/\/moschdschlozer.de\/wp-content\/uploads\/2017\/01\/IMG_3645-150x150.jpg\" class=\"attachment-thumbnail size-thumbnail\" alt=\"\" \/><\/a>\n\t\t\t<\/div><\/figure><figure class='gallery-item'>\n\t\t\t<div class='gallery-icon landscape'>\n\t\t\t\t<a href='https:\/\/moschdschlozer.de\/?attachment_id=1041'><img loading=\"lazy\" decoding=\"async\" width=\"150\" height=\"150\" src=\"https:\/\/moschdschlozer.de\/wp-content\/uploads\/2017\/01\/IMG_3646-150x150.jpg\" class=\"attachment-thumbnail size-thumbnail\" alt=\"\" \/><\/a>\n\t\t\t<\/div><\/figure><figure class='gallery-item'>\n\t\t\t<div class='gallery-icon landscape'>\n\t\t\t\t<a href='https:\/\/moschdschlozer.de\/?attachment_id=1042'><img loading=\"lazy\" decoding=\"async\" width=\"150\" height=\"150\" src=\"https:\/\/moschdschlozer.de\/wp-content\/uploads\/2017\/01\/IMG_3656-150x150.jpg\" class=\"attachment-thumbnail size-thumbnail\" alt=\"\" \/><\/a>\n\t\t\t<\/div><\/figure><figure class='gallery-item'>\n\t\t\t<div class='gallery-icon landscape'>\n\t\t\t\t<a href='https:\/\/moschdschlozer.de\/?attachment_id=1043'><img loading=\"lazy\" decoding=\"async\" width=\"150\" height=\"150\" src=\"https:\/\/moschdschlozer.de\/wp-content\/uploads\/2017\/01\/IMG_3662-150x150.jpg\" class=\"attachment-thumbnail size-thumbnail\" alt=\"\" \/><\/a>\n\t\t\t<\/div><\/figure><figure class='gallery-item'>\n\t\t\t<div class='gallery-icon landscape'>\n\t\t\t\t<a href='https:\/\/moschdschlozer.de\/?attachment_id=1044'><img loading=\"lazy\" decoding=\"async\" width=\"150\" height=\"150\" src=\"https:\/\/moschdschlozer.de\/wp-content\/uploads\/2017\/01\/IMG_3668-150x150.jpg\" class=\"attachment-thumbnail size-thumbnail\" alt=\"\" \/><\/a>\n\t\t\t<\/div><\/figure><figure class='gallery-item'>\n\t\t\t<div class='gallery-icon landscape'>\n\t\t\t\t<a href='https:\/\/moschdschlozer.de\/?attachment_id=1045'><img loading=\"lazy\" decoding=\"async\" width=\"150\" height=\"150\" src=\"https:\/\/moschdschlozer.de\/wp-content\/uploads\/2017\/01\/IMG_3683-150x150.jpg\" class=\"attachment-thumbnail size-thumbnail\" alt=\"\" \/><\/a>\n\t\t\t<\/div><\/figure><figure class='gallery-item'>\n\t\t\t<div class='gallery-icon landscape'>\n\t\t\t\t<a href='https:\/\/moschdschlozer.de\/?attachment_id=1046'><img loading=\"lazy\" decoding=\"async\" width=\"150\" height=\"150\" src=\"https:\/\/moschdschlozer.de\/wp-content\/uploads\/2017\/01\/IMG_3688-150x150.jpg\" class=\"attachment-thumbnail size-thumbnail\" alt=\"\" \/><\/a>\n\t\t\t<\/div><\/figure><figure class='gallery-item'>\n\t\t\t<div class='gallery-icon landscape'>\n\t\t\t\t<a href='https:\/\/moschdschlozer.de\/?attachment_id=1047'><img loading=\"lazy\" decoding=\"async\" width=\"150\" height=\"150\" src=\"https:\/\/moschdschlozer.de\/wp-content\/uploads\/2017\/01\/IMG_3719-150x150.jpg\" class=\"attachment-thumbnail size-thumbnail\" alt=\"\" \/><\/a>\n\t\t\t<\/div><\/figure>\n\t\t<\/div>\n\n","protected":false},"excerpt":{"rendered":"<p>Mosten auf dem Schillinghof am 15.10.2016 Ein wichtiger Grundstein f\u00fcr die kommende Fasnet ist gelegt! Unter fachm\u00e4nnischer Anleitung durch die Familie Irtenkauf konnten die Reichenbacher Moschdschlozer den Most f\u00fcr die Fasnets-Kampagne 2017 herstellen. Nachdem bereits ein gro\u00dfer Teil an \u00c4pfeln und Birnen gesammelt war, konnten wir nun endlich loslegen und dem Obst den begehrten Saft &hellip; <a href=\"https:\/\/moschdschlozer.de\/?page_id=1027\" class=\"more-link\"><span class=\"screen-reader-text\">15.10.2016 Moschden auf dem Schillingshof<\/span> weiterlesen <span class=\"meta-nav\">&rarr;<\/span><\/a><\/p>\n","protected":false},"author":2,"featured_media":0,"parent":0,"menu_order":0,"comment_status":"closed","ping_status":"closed","template":"","meta":{"footnotes":""},"class_list":["post-1027","page","type-page","status-publish","hentry"],"_links":{"self":[{"href":"https:\/\/moschdschlozer.de\/index.php?rest_route=\/wp\/v2\/pages\/1027","targetHints":{"allow":["GET"]}}],"collection":[{"href":"https:\/\/moschdschlozer.de\/index.php?rest_route=\/wp\/v2\/pages"}],"about":[{"href":"https:\/\/moschdschlozer.de\/index.php?rest_route=\/wp\/v2\/types\/page"}],"author":[{"embeddable":true,"href":"https:\/\/moschdschlozer.de\/index.php?rest_route=\/wp\/v2\/users\/2"}],"replies":[{"embeddable":true,"href":"https:\/\/moschdschlozer.de\/index.php?rest_route=%2Fwp%2Fv2%2Fcomments&post=1027"}],"version-history":[{"count":3,"href":"https:\/\/moschdschlozer.de\/index.php?rest_route=\/wp\/v2\/pages\/1027\/revisions"}],"predecessor-version":[{"id":1048,"href":"https:\/\/moschdschlozer.de\/index.php?rest_route=\/wp\/v2\/pages\/1027\/revisions\/1048"}],"wp:attachment":[{"href":"https:\/\/moschdschlozer.de\/index.php?rest_route=%2Fwp%2Fv2%2Fmedia&parent=1027"}],"curies":[{"name":"wp","href":"https:\/\/api.w.org\/{rel}","templated":true}]}}